{"id":1386,"date":"2023-02-08T11:13:00","date_gmt":"2023-02-08T11:13:00","guid":{"rendered":"http:\/\/lusangufondation.com\/?page_id=1386"},"modified":"2023-02-08T11:49:28","modified_gmt":"2023-02-08T11:49:28","slug":"visual-composer-1386","status":"publish","type":"page","link":"https:\/\/lusangufondation.com\/index.php\/visual-composer-1386\/","title":{"rendered":"Visual Composer #1386"},"content":{"rendered":"<div class=\"vce-row-container\"><div class=\"vce-row vce-element--xl--has-background vce-element--lg--has-background vce-element--md--has-background vce-row--col-gap-30 vce-row-equal-height vce-row-content--middle\" data-vce-full-width=\"true\" data-vce-sticky-element=\"true\" data-vce-sticky-z-index=\"100\" id=\"el-7724e347\" data-vce-do-apply=\"all el-7724e347\"><div class=\"vce-content-background-container\"><\/div><div class=\"vce-row-content\" data-vce-element-content=\"true\"><div class=\"vce-col vce-col--md-20p vce-col--xs-1 vce-col--xs-last vce-col--xs-first vce-col--sm-last vce-col--sm-first vce-col--md-first vce-col--lg-first vce-col--xl-first\" id=\"el-9b482abb\"><div class=\"vce-col-inner\" data-vce-do-apply=\"border margin background  el-9b482abb\"><div class=\"vce-col-content\" data-vce-element-content=\"true\" data-vce-do-apply=\"padding el-9b482abb\"><div class=\"vce-single-image-container vce-single-image--align-left\"><div class=\"vce vce-single-image-wrapper\" id=\"el-cda8421d\" data-vce-do-apply=\"all el-cda8421d\"><figure><div class=\"vce-single-image-figure-inner\" style=\"width: 150px;\"><a href=\"http:\/\/lusangufondation.com\" title=\"Retour \u00e0 la page d'accueil\" class=\"vce-single-image-inner vce-single-image--absolute\" style=\"width: 100%; padding-bottom: 100%;\"><img loading=\"lazy\" class=\"vce-single-image\"  width=\"150\" height=\"150\" srcset=\"https:\/\/lusangufondation.com\/wp-content\/uploads\/2022\/09\/cropped-Lusangu_Fondation-300x300.jpeg 2x, https:\/\/lusangufondation.com\/wp-content\/uploads\/2022\/09\/cropped-Lusangu_Fondation-150x150.jpeg 150w\" src=\"https:\/\/lusangufondation.com\/wp-content\/uploads\/2022\/09\/cropped-Lusangu_Fondation-150x150.jpeg\" data-img-src=\"https:\/\/lusangufondation.com\/wp-content\/uploads\/2022\/09\/cropped-Lusangu_Fondation.jpeg\" data-attachment-id=\"69\"  alt=\"\" title=\"cropped-Lusangu_Fondation.jpeg\" \/><\/a><\/div><figcaption hidden=\"\"><\/figcaption><\/figure><\/div><\/div><\/div><\/div><\/div><div class=\"vce-col vce-col--md-80p vce-col--xs-1 vce-col--xs-last vce-col--xs-first vce-col--sm-last vce-col--sm-first vce-col--md-last vce-col--lg-last vce-col--xl-last\" id=\"el-d24b96ed\"><div class=\"vce-col-inner\" data-vce-do-apply=\"border margin background  el-d24b96ed\"><div class=\"vce-col-content\" data-vce-element-content=\"true\" data-vce-do-apply=\"padding el-d24b96ed\"><div class=\"vce-basic-menu-container\" id=\"el-d30c9864\" data-vce-basic-menu=\"true\" data-vce-basic-menu-to-sandwich=\"\"><div class=\"vce-basic-menu-inner vce vce-basic-menu--style-text--color-b-85-85-85 vce-basic-menu--style-text--hover-color-b-85-85-85 vce-basic-menu--style-underline--color-b-138-198-10 vce-basic-menu--style-sub-menu-text--color-3E3D3D vce-basic-menu--style-sub-menu-background--color-ffffff vce-basic-menu--style-sub-menu-outline--color-EDEDED\" data-vce-do-apply=\"margin padding border background  el-d30c9864\"><div class=\"vce-basic-menu\" style=\"font-size: 16px;\"><div class=\"vce-basic-menu-wrapper vce-basic-menu--alignment-right\"><nav class=\"menu-d_menu-container\"><ul  class=\"menu\"><li class=\"menu-item menu-item-type-custom menu-item-object-custom menu-item-has-children menu-item-1662\"><a href=\"#\">Lusangu Fondation<\/a>\n<ul class=\"sub-menu\">\n\t<li class=\"menu-item menu-item-type-post_type menu-item-object-page menu-item-1497\"><a href=\"https:\/\/lusangufondation.com\/index.php\/la-fondation\/\">La fondation<\/a><\/li>\n\t<li class=\"menu-item menu-item-type-post_type menu-item-object-page menu-item-home menu-item-1496\"><a href=\"https:\/\/lusangufondation.com\/\">Home page<\/a><\/li>\n\t<li class=\"menu-item menu-item-type-post_type menu-item-object-page menu-item-1491\"><a href=\"https:\/\/lusangufondation.com\/index.php\/contact\/\">Contact<\/a><\/li>\n<\/ul>\n<\/li>\n<li class=\"menu-item menu-item-type-custom menu-item-object-custom menu-item-has-children menu-item-1661\"><a href=\"#\">Trisomie 21<\/a>\n<ul class=\"sub-menu\">\n\t<li class=\"menu-item menu-item-type-post_type menu-item-object-page menu-item-303\"><a href=\"https:\/\/lusangufondation.com\/index.php\/trisomie-21\/\">C&#8217;est quoi?<\/a><\/li>\n\t<li class=\"menu-item menu-item-type-post_type menu-item-object-page menu-item-1760\"><a href=\"https:\/\/lusangufondation.com\/index.php\/journee-mondiale-de-la-trisomie-21\/\">News<\/a><\/li>\n\t<li class=\"menu-item menu-item-type-post_type menu-item-object-page menu-item-1660\"><a href=\"https:\/\/lusangufondation.com\/index.php\/galerie\/\">Galerie<\/a><\/li>\n<\/ul>\n<\/li>\n<li class=\"menu-item menu-item-type-post_type menu-item-object-page menu-item-has-children menu-item-1277\"><a href=\"https:\/\/lusangufondation.com\/index.php\/don\/\">Aidez-les<\/a>\n<ul class=\"sub-menu\">\n\t<li class=\"menu-item menu-item-type-post_type menu-item-object-page menu-item-1489\"><a href=\"https:\/\/lusangufondation.com\/index.php\/don\/\">Faites un don<\/a><\/li>\n\t<li class=\"menu-item menu-item-type-post_type menu-item-object-page menu-item-1490\"><a href=\"https:\/\/lusangufondation.com\/index.php\/devenez-benevole\/\">Devenez b\u00e9n\u00e9vole<\/a><\/li>\n<\/ul>\n<\/li>\n<\/ul><\/nav><\/div><\/div><\/div><\/div><\/div><\/div><\/div><\/div><\/div><\/div><div class=\"vce-row-container\"><div class=\"vce-row vce-element--has-background vce-row--col-gap-30 vce-row-content--top\" data-vce-full-width=\"true\" id=\"el-6e5f94fb\" data-vce-do-apply=\"all el-6e5f94fb\"><div class=\"vce-content-background-container\"><div class=\"vce-asset-background-simple-container vce-visible-all-only vce-asset-background-simple--style-cover vce-asset-background-simple--position-center-center\"><div class=\"vce-asset-background-simple\">\n              <div class=\"vce-asset-background-simple-item vcv-lozad\" data-background-image=\"https:\/\/lusangufondation.com\/wp-content\/uploads\/2022\/09\/Bondeko-222-scaled.jpg\"><\/div>\n              <noscript>\n                <div class=\"vce-asset-background-simple-item\" style=\"background-image: url(https:\/\/lusangufondation.com\/wp-content\/uploads\/2022\/09\/Bondeko-222-scaled.jpg)\"><\/div>\n              <\/noscript>\n            \n              <div class=\"vce-asset-background-simple-item vcv-lozad\" data-background-image=\"https:\/\/lusangufondation.com\/wp-content\/uploads\/2022\/09\/Bondeko-245-1024x683-1-e1664540339969.jpg\"><\/div>\n              <noscript>\n                <div class=\"vce-asset-background-simple-item\" style=\"background-image: url(https:\/\/lusangufondation.com\/wp-content\/uploads\/2022\/09\/Bondeko-245-1024x683-1-e1664540339969.jpg)\"><\/div>\n              <\/noscript>\n            \n              <div class=\"vce-asset-background-simple-item vcv-lozad\" data-background-image=\"https:\/\/lusangufondation.com\/wp-content\/uploads\/2022\/09\/Bondeko-259-scaled.jpg\"><\/div>\n              <noscript>\n                <div class=\"vce-asset-background-simple-item\" style=\"background-image: url(https:\/\/lusangufondation.com\/wp-content\/uploads\/2022\/09\/Bondeko-259-scaled.jpg)\"><\/div>\n              <\/noscript>\n            <\/div><\/div><\/div><div class=\"vce-row-content\" data-vce-element-content=\"true\"><div class=\"vce-col vce-col--md-70p vce-col--xs-1 vce-col--xs-last vce-col--xs-first vce-col--sm-last vce-col--sm-first vce-col--md-last vce-col--lg-last vce-col--xl-last vce-col--md-first vce-col--lg-first vce-col--xl-first\" id=\"el-38cdfd6f\"><div class=\"vce-col-inner\" data-vce-do-apply=\"border margin background  el-38cdfd6f\"><div class=\"vce-col-content\" data-vce-element-content=\"true\" data-vce-do-apply=\"padding el-38cdfd6f\"><div class=\"vce-google-fonts-heading vce-google-fonts-heading--align-left vce-google-fonts-heading--color-b-255-255-255--45--5C00FF--FF7200 vce-google-fonts-heading--font-family-Montserrat\"><div class=\"vce-google-fonts-heading-wrapper\"><div class=\"vce-google-fonts-heading--background vce\" id=\"el-366c452a\" data-vce-do-apply=\"border background  padding margin el-366c452a\"><h1 class=\"vce-google-fonts-heading-inner\" style=\"font-size: 80px; line-height: 1.2; font-weight: 700; font-style: normal;\">Nos objectifs<\/h1><\/div><\/div><\/div><\/div><\/div><\/div><\/div><\/div><\/div><div class=\"vce-row-container\" data-vce-boxed-width=\"true\"><div class=\"vce-row vce-row--col-gap-30 vce-row-equal-height vce-row-content--top\" id=\"el-450b62c5\" data-vce-do-apply=\"all el-450b62c5\"><div class=\"vce-content-background-container\"><\/div><div class=\"vce-row-content\" data-vce-element-content=\"true\"><div class=\"vce-col vce-col--md-auto vce-col--xs-1 vce-col--xs-last vce-col--xs-first vce-col--sm-last vce-col--sm-first vce-col--md-last vce-col--lg-last vce-col--xl-last vce-col--md-first vce-col--lg-first vce-col--xl-first\" id=\"el-578b5715\"><div class=\"vce-col-inner\" data-vce-do-apply=\"border margin background  el-578b5715\"><div class=\"vce-col-content\" data-vce-element-content=\"true\" data-vce-do-apply=\"padding el-578b5715\"><div class=\"vce-google-fonts-heading vce-google-fonts-heading--align-left vce-google-fonts-heading--color-b-33-33-33--45--5C00FF--FF7200 vce-google-fonts-heading--font-family-Montserrat\"><div class=\"vce-google-fonts-heading-wrapper\"><div class=\"vce-google-fonts-heading--background vce\" id=\"el-06083d74\" data-vce-do-apply=\"border background  padding margin el-06083d74\"><h2 class=\"vce-google-fonts-heading-inner\" style=\"font-weight: 700; font-style: normal;\">Les objectifs de la Fondation: <\/h2><\/div><\/div><\/div><\/div><\/div><\/div><\/div><\/div><\/div><div class=\"vce-row-container\" data-vce-boxed-width=\"true\"><div class=\"vce-row vce-row--col-gap-30 vce-row-equal-height vce-row-content--top\" id=\"el-41fcb044\" data-vce-do-apply=\"all el-41fcb044\"><div class=\"vce-content-background-container\"><\/div><div class=\"vce-row-content\" data-vce-element-content=\"true\"><div class=\"vce-col vce-col--md-auto vce-col--xs-1 vce-col--xs-last vce-col--xs-first vce-col--sm-last vce-col--sm-first vce-col--md-last vce-col--lg-last vce-col--xl-last vce-col--md-first vce-col--lg-first vce-col--xl-first\" id=\"el-8eb00b33\"><div class=\"vce-col-inner\" data-vce-do-apply=\"border margin background  el-8eb00b33\"><div class=\"vce-col-content\" data-vce-element-content=\"true\" data-vce-do-apply=\"padding el-8eb00b33\"><div class=\"vce-text-block\"><div class=\"vce-text-block-wrapper vce\" id=\"el-2e128094\" data-vce-do-apply=\"all el-2e128094\"><p><span style=\"font-family: Montserrat; font-weight: bold; font-style: normal; font-size: 24pt; color: #000000;\">01<\/span><\/p><p style=\"line-height: 0.5;\"><span style=\"font-family: Lato; font-weight: 300; font-style: normal; font-size: 12pt; color: #333333;\">Prendre en charge des personnes souffrant de la trisomie 21 (mongole), construire un centre d\u2019apprentissage et de resocialisation de ceux-ci;<\/span><\/p><\/div><\/div><div class=\"vce-text-block\"><div class=\"vce-text-block-wrapper vce\" id=\"el-1bd69e5a\" data-vce-do-apply=\"all el-1bd69e5a\"><p><span style=\"font-family: Montserrat; font-weight: bold; font-style: normal; font-size: 24pt; color: #000000;\">02<\/span><\/p><p><span style=\"font-weight: 400;\"><span style=\"font-family: Lato; font-weight: 300; font-style: normal; font-size: 12pt; color: #333333;\">Apporter assistance, appui, soutien aux vuln\u00e9rables de la soci\u00e9t\u00e9 \u00e0 savoir: aux enfants d\u00e9favoris\u00e9s et d\u00e9scolaris\u00e9s, aux orphelins, aux femmes battues et viol\u00e9es, aux filles m\u00e8res, aux personnes vivant avec un handicap, aux personnes du troisi\u00e8me \u00e2ge, aux sans abris en bref aux personnes marginalis\u00e9es de la soci\u00e9t\u00e9;<\/span><\/span><\/p><\/div><\/div><div class=\"vce-text-block\"><div class=\"vce-text-block-wrapper vce\" id=\"el-4abf2367\" data-vce-do-apply=\"all el-4abf2367\"><p><span style=\"font-family: Montserrat; font-weight: bold; font-style: normal; font-size: 24pt; color: #000000;\">03<\/span><\/p><p><span style=\"font-weight: 400;\"><span style=\"font-family: Lato; font-weight: 300; font-style: normal; font-size: 12pt; color: #333333;\">Intervenir dans toutes les activit\u00e9s multisectorielles se rapportant directement ou indirectement au d\u00e9veloppement communautaire notamment la formation, l\u2019alphab\u00e9tisation, l\u2019organisation permanente d\u2019ateliers d\u2019apprentissage des m\u00e9tiers, la sauvegarde et protection de l\u2019environnement ainsi que l\u2019acc\u00e8s aux soins de sant\u00e9;<\/span><\/span><\/p><\/div><\/div><div class=\"vce-text-block\"><div class=\"vce-text-block-wrapper vce\" id=\"el-f7140ee6\" data-vce-do-apply=\"all el-f7140ee6\"><p><span style=\"font-family: Montserrat; font-weight: bold; font-style: normal; font-size: 24pt; color: #000000;\">04<\/span><\/p><p><span style=\"font-weight: 400;\"><span style=\"font-family: Lato; font-weight: 300; font-style: normal; font-size: 12pt; color: #333333;\">Participer activement dans le processus de redynamisation du d\u00e9veloppement avec comme domaine de pr\u00e9dilection : le m\u00e9tier, l\u2019agriculture, l\u2019\u00e9levage, la pisciculture;<\/span><\/span><\/p><\/div><\/div><div class=\"vce-text-block\"><div class=\"vce-text-block-wrapper vce\" id=\"el-fc1e85f6\" data-vce-do-apply=\"all el-fc1e85f6\"><p><span style=\"font-family: Montserrat; font-weight: bold; font-style: normal; font-size: 24pt; color: #000000;\">05<\/span><\/p><p><span style=\"font-weight: 400;\">Mise sur pied des techniques sp\u00e9cifiques, des actions, et r\u00e9alisations des \u0153uvres en vue de lutter efficacement contre la pauvret\u00e9 et la mis\u00e8re sous toutes ses formes.<\/span><\/p><\/div><\/div><\/div><\/div><\/div><\/div><\/div><\/div>\n","protected":false},"excerpt":{"rendered":"<p>Nos objectifsLes objectifs de la Fondation: 01Prendre en charge des personnes souffrant de la trisomie 21 (mongole), construire un centre<\/p>\n<div class=\"read-button read_more_btn_text\"><a class=\"read_more\" href=\"https:\/\/lusangufondation.com\/index.php\/visual-composer-1386\/\">Read Now<span class=\"arrow_readm\"> &#x25BA;<\/span><\/a><\/div>\n","protected":false},"author":1,"featured_media":0,"parent":0,"menu_order":0,"comment_status":"closed","ping_status":"closed","template":"","meta":{"content-type":"","om_disable_all_campaigns":false},"_links":{"self":[{"href":"https:\/\/lusangufondation.com\/index.php\/wp-json\/wp\/v2\/pages\/1386"}],"collection":[{"href":"https:\/\/lusangufondation.com\/index.php\/wp-json\/wp\/v2\/pages"}],"about":[{"href":"https:\/\/lusangufondation.com\/index.php\/wp-json\/wp\/v2\/types\/page"}],"author":[{"embeddable":true,"href":"https:\/\/lusangufondation.com\/index.php\/wp-json\/wp\/v2\/users\/1"}],"replies":[{"embeddable":true,"href":"https:\/\/lusangufondation.com\/index.php\/wp-json\/wp\/v2\/comments?post=1386"}],"version-history":[{"count":9,"href":"https:\/\/lusangufondation.com\/index.php\/wp-json\/wp\/v2\/pages\/1386\/revisions"}],"predecessor-version":[{"id":1395,"href":"https:\/\/lusangufondation.com\/index.php\/wp-json\/wp\/v2\/pages\/1386\/revisions\/1395"}],"wp:attachment":[{"href":"https:\/\/lusangufondation.com\/index.php\/wp-json\/wp\/v2\/media?parent=1386"}],"curies":[{"name":"wp","href":"https:\/\/api.w.org\/{rel}","templated":true}]}}